{"id":11600,"date":"2025-01-30T07:26:31","date_gmt":"2025-01-30T07:26:31","guid":{"rendered":"https:\/\/www.lecimschool.com\/?page_id=11600"},"modified":"2025-02-24T16:57:25","modified_gmt":"2025-02-24T16:57:25","slug":"%d8%a3%d9%87%d8%af%d8%a7%d9%81-%d8%a7%d9%84%d8%b1%d8%a7%d8%a8%d8%b7%d8%a9","status":"publish","type":"page","link":"https:\/\/www.lecimschool.com\/fr\/%d8%a3%d9%87%d8%af%d8%a7%d9%81-%d8%a7%d9%84%d8%b1%d8%a7%d8%a8%d8%b7%d8%a9\/","title":{"rendered":"Objectives de la Lecim"},"content":{"rendered":"<div data-elementor-type=\"wp-page\" data-elementor-id=\"11600\" class=\"elementor elementor-11600\" data-elementor-post-type=\"page\">\n\t\t\t\t\t\t<section class=\"elementor-section elementor-top-section elementor-element elementor-element-92743e8 elementor-section-stretched elementor-reverse-mobile elementor-section-boxed elementor-section-height-default elementor-section-height-default\" data-id=\"92743e8\" data-element_type=\"section\" data-e-type=\"section\" data-settings=\"{&quot;background_background&quot;:&quot;classic&quot;,&quot;stretch_section&quot;:&quot;section-stretched&quot;}\">\n\t\t\t\t\t\t<div class=\"elementor-container elementor-column-gap-no\">\n\t\t\t\t\t<div class=\"elementor-column elementor-col-50 elementor-top-column elementor-element elementor-element-181fe38\" data-id=\"181fe38\" data-element_type=\"column\" data-e-type=\"column\">\n\t\t\t<div class=\"elementor-widget-wrap elementor-element-populated\">\n\t\t\t\t\t\t<section class=\"elementor-section elementor-inner-section elementor-element elementor-element-b686927 elementor-section-boxed elementor-section-height-default elementor-section-height-default\" data-id=\"b686927\" data-element_type=\"section\" data-e-type=\"section\">\n\t\t\t\t\t\t<div class=\"elementor-container elementor-column-gap-no\">\n\t\t\t\t\t<div class=\"elementor-column elementor-col-100 elementor-inner-column elementor-element elementor-element-c7e644d\" data-id=\"c7e644d\" data-element_type=\"column\" data-e-type=\"column\">\n\t\t\t<div class=\"elementor-widget-wrap elementor-element-populated\">\n\t\t\t\t\t\t<div class=\"elementor-element elementor-element-7ead441 elementor-widget elementor-widget-tragasectiontitle\" data-id=\"7ead441\" data-element_type=\"widget\" data-e-type=\"widget\" data-widget_type=\"tragasectiontitle.default\">\n\t\t\t\t<div class=\"elementor-widget-container\">\n\t\t\t\t\t<div class=\"title-area-wrap\"><div class=\"title-area\" ><h2 class=\"sec-title title-selector\">Objectives de la Lecim<\/h2><\/div><\/div>\t\t\t\t<\/div>\n\t\t\t\t<\/div>\n\t\t\t\t\t<\/div>\n\t\t<\/div>\n\t\t\t\t\t<\/div>\n\t\t<\/section>\n\t\t\t\t<section class=\"elementor-section elementor-inner-section elementor-element elementor-element-14ae615 elementor-section-boxed elementor-section-height-default elementor-section-height-default\" data-id=\"14ae615\" data-element_type=\"section\" data-e-type=\"section\">\n\t\t\t\t\t\t<div class=\"elementor-container elementor-column-gap-no\">\n\t\t\t\t\t<div class=\"elementor-column elementor-col-100 elementor-inner-column elementor-element elementor-element-cd59db4\" data-id=\"cd59db4\" data-element_type=\"column\" data-e-type=\"column\">\n\t\t\t<div class=\"elementor-widget-wrap elementor-element-populated\">\n\t\t\t\t\t\t<div class=\"elementor-element elementor-element-aad5ace elementor-widget elementor-widget-tragalist\" data-id=\"aad5ace\" data-element_type=\"widget\" data-e-type=\"widget\" data-widget_type=\"tragalist.default\">\n\t\t\t\t<div class=\"elementor-widget-container\">\n\t\t\t\t\t<div class=\"checklist style3\"><ul><li><i class=\"far fa-check\"><\/i>Organiser des institutions religieuses et des \u00e9coles islamiques en C\u00f4te d'Ivoire.<\/li><li><i class=\"far fa-check\"><\/i>Organiser l'\u00e9ducation islamique en C\u00f4te d'Ivoire.<\/li><li><i class=\"far fa-check\"><\/i>Pr\u00e9parer une personnalit\u00e9 musulmane sur le plan doctrinal, intellectuel et scientifique.<\/li><li><i class=\"far fa-check\"><\/i>Unifier les programmes d'\u00e9tudes et les dipl\u00f4mes arabes en C\u00f4te d'Ivoire.<\/li><li><i class=\"far fa-check\"><\/i>Travailler \u00e0 la reconnaissance par le gouvernement des \u00e9coles islamiques.<\/li><li><i class=\"far fa-check\"><\/i>Renforcer la relation, la connaissance, l'amour et la solidarit\u00e9 entre les \u00e9coles islamiques.<\/li><li><i class=\"far fa-check\"><\/i>Traiter avec des organisations travaillant dans le m\u00eame domaine.<\/li><li><i class=\"far fa-check\"><\/i>Accorder un coup de main et une assistance \u00e0 ses membres.<\/li><\/ul><\/div>\t\t\t\t<\/div>\n\t\t\t\t<\/div>\n\t\t\t\t<div class=\"elementor-element elementor-element-a89569f elementor-widget elementor-widget-text-editor\" data-id=\"a89569f\" data-element_type=\"widget\" data-e-type=\"widget\" data-widget_type=\"text-editor.default\">\n\t\t\t\t<div class=\"elementor-widget-container\">\n\t\t\t\t\t\t\t\t\t<strong>En cons\u00e9quence, la Lecim a \u00e9t\u00e9 cr\u00e9\u00e9e pour atteindre ces objectifs <br>et pour r\u00e9pondre au besoin des musulmans d'apprendre la foi islamique correcte et de diffuser des sciences utiles.<\/strong>\t\t\t\t\t\t\t\t<\/div>\n\t\t\t\t<\/div>\n\t\t\t\t\t<\/div>\n\t\t<\/div>\n\t\t\t\t\t<\/div>\n\t\t<\/section>\n\t\t\t\t\t<\/div>\n\t\t<\/div>\n\t\t\t\t<div class=\"elementor-column elementor-col-50 elementor-top-column elementor-element elementor-element-9dfed1f\" data-id=\"9dfed1f\" data-element_type=\"column\" data-e-type=\"column\" data-settings=\"{&quot;background_background&quot;:&quot;classic&quot;}\">\n\t\t\t<div class=\"elementor-widget-wrap elementor-element-populated\">\n\t\t\t\t\t\t<div class=\"elementor-element elementor-element-fc21efe elementor-hidden-tablet elementor-widget elementor-widget-image\" data-id=\"fc21efe\" data-element_type=\"widget\" data-e-type=\"widget\" data-widget_type=\"image.default\">\n\t\t\t\t<div class=\"elementor-widget-container\">\n\t\t\t\t\t\t\t\t\t\t\t\t\t\t\t<img loading=\"lazy\" decoding=\"async\" width=\"499\" height=\"499\" src=\"https:\/\/www.lecimschool.com\/wp-content\/uploads\/2025\/02\/4.png\" class=\"attachment-large size-large wp-image-11957\" alt=\"\" srcset=\"https:\/\/www.lecimschool.com\/wp-content\/uploads\/2025\/02\/4.png 499w, https:\/\/www.lecimschool.com\/wp-content\/uploads\/2025\/02\/4-300x300.png 300w, https:\/\/www.lecimschool.com\/wp-content\/uploads\/2025\/02\/4-150x150.png 150w, https:\/\/www.lecimschool.com\/wp-content\/uploads\/2025\/02\/4-80x80.png 80w, https:\/\/www.lecimschool.com\/wp-content\/uploads\/2025\/02\/4-140x140.png 140w, https:\/\/www.lecimschool.com\/wp-content\/uploads\/2025\/02\/4-12x12.png 12w, https:\/\/www.lecimschool.com\/wp-content\/uploads\/2025\/02\/4-100x100.png 100w, https:\/\/www.lecimschool.com\/wp-content\/uploads\/2025\/02\/4-460x460.png 460w\" sizes=\"auto, (max-width: 499px) 100vw, 499px\" \/>\t\t\t\t\t\t\t\t\t\t\t\t\t\t\t<\/div>\n\t\t\t\t<\/div>\n\t\t\t\t\t<\/div>\n\t\t<\/div>\n\t\t\t\t\t<\/div>\n\t\t<\/section>\n\t\t\t\t<section class=\"elementor-section elementor-top-section elementor-element elementor-element-5134676 elementor-section-stretched elementor-section-boxed elementor-section-height-default elementor-section-height-default\" data-id=\"5134676\" data-element_type=\"section\" data-e-type=\"section\" data-settings=\"{&quot;background_background&quot;:&quot;classic&quot;,&quot;stretch_section&quot;:&quot;section-stretched&quot;}\">\n\t\t\t\t\t\t<div class=\"elementor-container elementor-column-gap-no\">\n\t\t\t\t\t<div class=\"elementor-column elementor-col-50 elementor-top-column elementor-element elementor-element-ac987cc\" data-id=\"ac987cc\" data-element_type=\"column\" data-e-type=\"column\" data-settings=\"{&quot;background_background&quot;:&quot;classic&quot;}\">\n\t\t\t<div class=\"elementor-widget-wrap elementor-element-populated\">\n\t\t\t\t\t\t<div class=\"elementor-element elementor-element-b132c8b elementor-widget elementor-widget-image\" data-id=\"b132c8b\" data-element_type=\"widget\" data-e-type=\"widget\" data-widget_type=\"image.default\">\n\t\t\t\t<div class=\"elementor-widget-container\">\n\t\t\t\t\t\t\t\t\t\t\t\t\t\t\t<img loading=\"lazy\" decoding=\"async\" width=\"800\" height=\"550\" src=\"https:\/\/www.lecimschool.com\/wp-content\/uploads\/2025\/02\/0002.png\" class=\"attachment-full size-full wp-image-11948\" alt=\"\" srcset=\"https:\/\/www.lecimschool.com\/wp-content\/uploads\/2025\/02\/0002.png 800w, https:\/\/www.lecimschool.com\/wp-content\/uploads\/2025\/02\/0002-300x206.png 300w, https:\/\/www.lecimschool.com\/wp-content\/uploads\/2025\/02\/0002-768x528.png 768w, https:\/\/www.lecimschool.com\/wp-content\/uploads\/2025\/02\/0002-18x12.png 18w, https:\/\/www.lecimschool.com\/wp-content\/uploads\/2025\/02\/0002-600x413.png 600w\" sizes=\"auto, (max-width: 800px) 100vw, 800px\" \/>\t\t\t\t\t\t\t\t\t\t\t\t\t\t\t<\/div>\n\t\t\t\t<\/div>\n\t\t\t\t\t<\/div>\n\t\t<\/div>\n\t\t\t\t<div class=\"elementor-column elementor-col-50 elementor-top-column elementor-element elementor-element-6f4c5cc\" data-id=\"6f4c5cc\" data-element_type=\"column\" data-e-type=\"column\">\n\t\t\t<div class=\"elementor-widget-wrap elementor-element-populated\">\n\t\t\t\t\t\t<section class=\"elementor-section elementor-inner-section elementor-element elementor-element-841e86b elementor-section-boxed elementor-section-height-default elementor-section-height-default\" data-id=\"841e86b\" data-element_type=\"section\" data-e-type=\"section\">\n\t\t\t\t\t\t<div class=\"elementor-container elementor-column-gap-no\">\n\t\t\t\t\t<div class=\"elementor-column elementor-col-100 elementor-inner-column elementor-element elementor-element-fb0067c\" data-id=\"fb0067c\" data-element_type=\"column\" data-e-type=\"column\">\n\t\t\t<div class=\"elementor-widget-wrap elementor-element-populated\">\n\t\t\t\t\t\t<div class=\"elementor-element elementor-element-039c808 elementor-widget elementor-widget-tragasectiontitle\" data-id=\"039c808\" data-element_type=\"widget\" data-e-type=\"widget\" data-widget_type=\"tragasectiontitle.default\">\n\t\t\t\t<div class=\"elementor-widget-container\">\n\t\t\t\t\t<div class=\"title-area-wrap\"><div class=\"title-area\" ><span class=\"sub-title subtitle-selector\"><img decoding=\"async\" src=\"https:\/\/www.lecimschool.com\/wp-content\/uploads\/2025\/02\/star.png\" alt=\"\u0631\u0627\u0628\u0637\u0629%20\u0627\u0644\u0645\u062f\u0627\u0631\u0633%20\u0627\u0644\u0625\u0633\u0644\u0627\u0645\u064a\u0629\"  class=\"icon me-2\" \/>Ses programmes et projets actuels comprennent\u00a0:<\/span><\/div><\/div>\t\t\t\t<\/div>\n\t\t\t\t<\/div>\n\t\t\t\t<div class=\"elementor-element elementor-element-ce58854 elementor-widget elementor-widget-tragalist\" data-id=\"ce58854\" data-element_type=\"widget\" data-e-type=\"widget\" data-widget_type=\"tragalist.default\">\n\t\t\t\t<div class=\"elementor-widget-container\">\n\t\t\t\t\t<div class=\"checklist style3\"><ul><li><i class=\"far fa-check\"><\/i>D\u00e9veloppement de programmes.<\/li><li><i class=\"far fa-check\"><\/i>Former des responsables p\u00e9dagogiques.<\/li><li><i class=\"far fa-check\"><\/i>Prendre soin des surdou\u00e9s, auto-\u00e9ducation, r\u00e9solution de probl\u00e8mes, \u00e9ducation des minorit\u00e9s avec bourses.<\/li><li><i class=\"far fa-check\"><\/i>Formation professionnelle<\/li><li><i class=\"far fa-check\"><\/i>Motiver et encourager les \u00e9tudiants exceptionnels<\/li><li><i class=\"far fa-check\"><\/i>Cr\u00e9ation d'un fonds d'\u00e9ducation<\/li><li><i class=\"far fa-check\"><\/i>Ach\u00e8vement de la construction du si\u00e8ge de l'association.<\/li><li><i class=\"far fa-check\"><\/i>Trouvez une imprimerie locale pour imprimer des livres.<\/li><\/ul><\/div>\t\t\t\t<\/div>\n\t\t\t\t<\/div>\n\t\t\t\t\t<\/div>\n\t\t<\/div>\n\t\t\t\t\t<\/div>\n\t\t<\/section>\n\t\t\t\t\t<\/div>\n\t\t<\/div>\n\t\t\t\t\t<\/div>\n\t\t<\/section>\n\t\t\t\t<section class=\"elementor-section elementor-top-section elementor-element elementor-element-c1ab9bd elementor-section-stretched elementor-section-boxed elementor-section-height-default elementor-section-height-default\" data-id=\"c1ab9bd\" data-element_type=\"section\" data-e-type=\"section\" data-settings=\"{&quot;background_background&quot;:&quot;classic&quot;,&quot;stretch_section&quot;:&quot;section-stretched&quot;}\">\n\t\t\t\t\t\t<div class=\"elementor-container elementor-column-gap-default\">\n\t\t\t\t\t<div class=\"elementor-column elementor-col-100 elementor-top-column elementor-element elementor-element-81def11\" data-id=\"81def11\" data-element_type=\"column\" data-e-type=\"column\">\n\t\t\t<div class=\"elementor-widget-wrap elementor-element-populated\">\n\t\t\t\t\t\t<div class=\"elementor-element elementor-element-52b6f5c elementor-widget elementor-widget-text-editor\" data-id=\"52b6f5c\" data-element_type=\"widget\" data-e-type=\"widget\" data-widget_type=\"text-editor.default\">\n\t\t\t\t<div class=\"elementor-widget-container\">\n\t\t\t\t\t\t\t\t\t<p>Et pour ses besoins urgents de continuit\u00e9 financi\u00e8re et pour ses efforts pour r\u00e9pandre et purifier la foi islamique, renforcer les musulmans, leur enseigner ses devoirs religieux de la pri\u00e8re, le zakat, le je\u00fbne, etc., et repousser les soup\u00e7ons dirig\u00e9es contre la doctrine islamique et inviter les non-musulmans. Versets coraniques et les honorables hadiths du Proph\u00e8te. <br \/>Quant au Livre, le Tout-Puissant dit : \u00ab Et tout bien que vous d\u00e9penserez, il vous sera int\u00e9gralement rembours\u00e9, et vous ne serez pas l\u00e9s\u00e9. \u00bb Et le Tout-Puissant dit : \u00ab Vous n\u2019atteindrez la justice que lorsque vous d\u00e9penserez ce que vous aimez. Et quand Abou Talha, que Dieu l\u2019agr\u00e9e, l\u2019entende. \u00bb Il dit : \u00d4 Messager de Dieu, Dieu dit : Vous n'atteindrez la justice que si vous d\u00e9pensez ce que vous aimez.Et si j'aime ma richesse (Bir Ha) et que c'est une aum\u00f4ne pour Dieu Tout-Puissant, j'esp\u00e8re qu'elle sera juste et stock\u00e9e aupr\u00e8s de Dieu, alors mets-la l\u00e0 o\u00f9 Dieu te le montre, et il dit : D\u00e9pensez-le, c'est de l'argent rentable, et j'ai entendu ce que vous avez dit, et je pense que vous devriez le mettre parmi les plus proches.<\/p><p>Parmi la Sunna se trouve ce qui a \u00e9t\u00e9 rapport\u00e9 par Abou Hurairah, que Dieu l'agr\u00e9e : que le Messager de Dieu, que les pri\u00e8res et la paix de Dieu soient sur lui, a dit : \u00ab Si le fils d'Adam meurt, son \u0153uvre prend fin, sauf trois : la charit\u00e9 continue, la connaissance qui lui est b\u00e9n\u00e9fique ou un enfant juste qui prie pour lui.<\/p><p><br \/>Selon les chercheurs, la charit\u00e9 actuelle est interpr\u00e9t\u00e9e comme une dotation, car les autres \u0153uvres caritatives ne sont pas continues, mais la personne \u00e0 qui elle est donn\u00e9e en est propri\u00e9taire de ses composants et de ses b\u00e9n\u00e9fices.<\/p><p>Et le hadith sur la dotation d'Omar bin Al-Khattab. Ibn Omar, que Dieu les agr\u00e9e tous les deux, raconte qu'Omar a acquis des terres du pays de Khaybar, et il a dit : \u00ab \u00d4 Messager de Dieu : je n'ai jamais acquis de richesses plus pr\u00e9cieuses que cela, alors que me commandez-vous ? ou donn\u00e9. <br \/>Il n'est pas l\u00e9gu\u00e9 aux pauvres, aux parents, aux esclaves, aux invit\u00e9s ou au voyageur. Il n'y a aucun reproche \u00e0 celui qui en a la charge s'il en mange de mani\u00e8re raisonnable et nourrit quelqu'un qui n'est pas riche.<\/p>\t\t\t\t\t\t\t\t<\/div>\n\t\t\t\t<\/div>\n\t\t\t\t\t<\/div>\n\t\t<\/div>\n\t\t\t\t\t<\/div>\n\t\t<\/section>\n\t\t\t\t<\/div>","protected":false},"excerpt":{"rendered":"<p>\u0623\u0647\u062f\u0627\u0641 \u0627\u0644\u0631\u0627\u0628\u0637\u0629 \u062a\u0646\u0638\u064a\u0645 \u0627\u0644\u0645\u0624\u0633\u0633\u0627\u062a \u0627\u0644\u062f\u064a\u0646\u064a\u0629 \u0648\u0627\u0644\u0645\u062f\u0627\u0631\u0633 \u0627\u0644\u0625\u0633\u0644\u0627\u0645\u064a\u0629 \u0641\u064a \u0643\u0648\u062a \u062f\u064a\u0641\u0648\u0627\u0631. \u062a\u0646\u0638\u064a\u0645 \u0627\u0644\u062a\u0639\u0644\u064a\u0645 \u0627\u0644\u0625\u0633\u0644\u0627\u0645\u064a \u0641\u064a \u0643\u0648\u062a \u062f\u064a\u0641\u0648\u0627\u0631. \u0625\u0639\u062f\u0627\u062f \u0634\u062e\u0635\u064a\u0629 \u0627\u0644\u0645\u0633\u0644\u0645\u0629 \u0639\u0642\u062f\u064a\u0627 \u0648\u0641\u0643\u0631\u064a\u0627 \u0648\u0639\u0644\u0645\u064a\u0627. \u062a\u0648\u062d\u064a\u062f \u0627\u0644\u0645\u0646\u0627\u0647\u062c \u0648\u0627\u0644\u0645\u0624\u0647\u0644\u0627\u062a \u0627\u0644\u062a\u0639\u0644\u064a\u0645\u064a\u0629 \u0627\u0644\u0639\u0631\u0628\u064a\u0629 \u0641\u064a \u0643\u0648\u062a \u062f\u064a\u0641\u0648\u0627\u0631. \u0627\u0644\u0639\u0645\u0644 \u0639\u0644\u0649 \u0627\u0639\u062a\u0631\u0627\u0641 \u0627\u0644\u062d\u0643\u0648\u0645\u0629 \u0628\u0627\u0644\u0645\u062f\u0627\u0631\u0633 \u0627\u0644\u0625\u0633\u0644\u0627\u0645\u064a\u0629. \u062a\u0648\u0637\u064a\u062f \u0627\u0644\u0639\u0644\u0627\u0642\u0629 \u0648\u0627\u0644\u062a\u0639\u0627\u0631\u0641 \u0648\u0627\u0644\u062a\u062d\u0627\u0628 \u0648\u0627\u0644\u062a\u0643\u0627\u0641\u0644 \u0628\u064a\u0646 \u0627\u0644\u0645\u062f\u0627\u0631\u0633 \u0627\u0644\u0625\u0633\u0644\u0627\u0645\u064a\u0629. \u0627\u0644\u062a\u0639\u0627\u0645\u0644 \u0645\u0639 \u0627\u0644\u0645\u0646\u0638\u0645\u0627\u062a \u0627\u0644\u0639\u0627\u0645\u0644\u0629 \u0641\u064a \u0646\u0641\u0633 \u0627\u0644\u0645\u062c\u0627\u0644. \u0645\u062f \u064a\u062f \u0627\u0644\u0639\u0648\u0646 \u0648\u0627\u0644\u0645\u0633\u0627\u0639\u062f\u0629&#8230;<\/p>","protected":false},"author":2,"featured_media":0,"parent":0,"menu_order":0,"comment_status":"closed","ping_status":"closed","template":"","meta":{"_acf_changed":false,"_monsterinsights_skip_tracking":false,"_monsterinsights_sitenote_active":false,"_monsterinsights_sitenote_note":"","_monsterinsights_sitenote_category":0,"footnotes":""},"class_list":["post-11600","page","type-page","status-publish","hentry"],"acf":[],"_links":{"self":[{"href":"https:\/\/www.lecimschool.com\/fr\/wp-json\/wp\/v2\/pages\/11600","targetHints":{"allow":["GET"]}}],"collection":[{"href":"https:\/\/www.lecimschool.com\/fr\/wp-json\/wp\/v2\/pages"}],"about":[{"href":"https:\/\/www.lecimschool.com\/fr\/wp-json\/wp\/v2\/types\/page"}],"author":[{"embeddable":true,"href":"https:\/\/www.lecimschool.com\/fr\/wp-json\/wp\/v2\/users\/2"}],"replies":[{"embeddable":true,"href":"https:\/\/www.lecimschool.com\/fr\/wp-json\/wp\/v2\/comments?post=11600"}],"version-history":[{"count":73,"href":"https:\/\/www.lecimschool.com\/fr\/wp-json\/wp\/v2\/pages\/11600\/revisions"}],"predecessor-version":[{"id":11978,"href":"https:\/\/www.lecimschool.com\/fr\/wp-json\/wp\/v2\/pages\/11600\/revisions\/11978"}],"wp:attachment":[{"href":"https:\/\/www.lecimschool.com\/fr\/wp-json\/wp\/v2\/media?parent=11600"}],"curies":[{"name":"wp","href":"https:\/\/api.w.org\/{rel}","templated":true}]}}